{"id":1564,"date":"2023-03-10T17:47:51","date_gmt":"2023-03-10T17:47:51","guid":{"rendered":"https:\/\/marcoquadros.pt\/?post_type=product&#038;p=1564"},"modified":"2023-03-10T17:47:51","modified_gmt":"2023-03-10T17:47:51","slug":"rrc-black-master-toalha-de-secagem","status":"publish","type":"product","link":"https:\/\/marcoquadros.pt\/index.php\/produto\/rrc-black-master-toalha-de-secagem\/","title":{"rendered":"RRC Black Master (Toalha de Secagem)"},"content":{"rendered":"<p>A toalha\u00a0<b>Black Master<\/b>\u00a0\u00e9 a toalha de secagem de autom\u00f3veis da mais alta qualidade, muito absorvente gra\u00e7as \u00e0s suas fibras finas.<\/p>\n<p>Muito suave para as pinturas mais delicadas.<\/p>\n<p><b>Caracter\u00edsticas:<\/b><\/p>\n<ul>\n<li>Seguro para todas as pinturas<\/li>\n<li>Sem costuras<\/li>\n<li>Tamanho: 50x80cm<\/li>\n<li>Peso: 1400gr \/ m2<\/li>\n<\/ul>\n","protected":false},"excerpt":{"rendered":"<p>A toalha\u00a0Black Master\u00a0\u00e9 a toalha de secagem de autom\u00f3veis da mais alta qualidade, muito absorvente gra\u00e7as \u00e0s suas fibras finas. Muito suave para as pinturas mais delicadas. Caracter\u00edsticas: Seguro para todas as pinturas Sem costuras Tamanho: 50x80cm Peso: 1400gr \/ m2<\/p>\n","protected":false},"featured_media":1565,"comment_status":"open","ping_status":"closed","template":"","meta":{"site-sidebar-layout":"default","site-content-layout":"default","ast-site-content-layout":"default","site-content-style":"default","site-sidebar-style":"default","ast-global-header-display":"","ast-banner-title-visibility":"","ast-main-header-display":"","ast-hfb-above-header-display":"","ast-hfb-below-header-display":"","ast-hfb-mobile-header-display":"","site-post-title":"","ast-breadcrumbs-content":"","ast-featured-img":"","footer-sml-layout":"","ast-disable-related-posts":"","theme-transparent-header-meta":"default","adv-header-id-meta":"","stick-header-meta":"","header-above-stick-meta":"","header-main-stick-meta":"","header-below-stick-meta":"","astra-migrate-meta-layouts":"default","ast-page-background-enabled":"default","ast-page-background-meta":{"desktop":{"background-color":"","background-image":"","background-repeat":"repeat","background-position":"center center","background-size":"auto","background-attachment":"scroll","background-type":"","background-media":"","overlay-type":"","overlay-color":"","overlay-opacity":"","overlay-gradient":""},"tablet":{"background-color":"","background-image":"","background-repeat":"repeat","background-position":"center center","background-size":"auto","background-attachment":"scroll","background-type":"","background-media":"","overlay-type":"","overlay-color":"","overlay-opacity":"","overlay-gradient":""},"mobile":{"background-color":"","background-image":"","background-repeat":"repeat","background-position":"center center","background-size":"auto","background-attachment":"scroll","background-type":"","background-media":"","overlay-type":"","overlay-color":"","overlay-opacity":"","overlay-gradient":""}},"ast-content-background-meta":{"desktop":{"background-color":"var(--ast-global-color-5)","background-image":"","background-repeat":"repeat","background-position":"center center","background-size":"auto","background-attachment":"scroll","background-type":"","background-media":"","overlay-type":"","overlay-color":"","overlay-opacity":"","overlay-gradient":""},"tablet":{"background-color":"var(--ast-global-color-5)","background-image":"","background-repeat":"repeat","background-position":"center center","background-size":"auto","background-attachment":"scroll","background-type":"","background-media":"","overlay-type":"","overlay-color":"","overlay-opacity":"","overlay-gradient":""},"mobile":{"background-color":"var(--ast-global-color-5)","background-image":"","background-repeat":"repeat","background-position":"center center","background-size":"auto","background-attachment":"scroll","background-type":"","background-media":"","overlay-type":"","overlay-color":"","overlay-opacity":"","overlay-gradient":""}}},"product_brand":[],"product_cat":[42],"product_tag":[],"class_list":{"0":"post-1564","1":"product","2":"type-product","3":"status-publish","4":"has-post-thumbnail","6":"product_cat-acessorios","7":"desktop-align-left","8":"tablet-align-left","9":"mobile-align-left","11":"first","12":"instock","13":"shipping-taxable","14":"purchasable","15":"product-type-simple"},"yoast_head":"<!-- This site is optimized with the Yoast SEO plugin v26.8 - https:\/\/yoast.com\/product\/yoast-seo-wordpress\/ -->\n<title>RRC Black Master (Toalha de Secagem) - Marco Quadros<\/title>\n<meta name=\"robots\" content=\"index, follow, max-snippet:-1, max-image-preview:large, max-video-preview:-1\" \/>\n<link rel=\"canonical\" href=\"https:\/\/marcoquadros.pt\/index.php\/produto\/rrc-black-master-toalha-de-secagem\/\" \/>\n<meta property=\"og:locale\" content=\"pt_PT\" \/>\n<meta property=\"og:type\" content=\"article\" \/>\n<meta property=\"og:title\" content=\"RRC Black Master (Toalha de Secagem) - Marco Quadros\" \/>\n<meta property=\"og:description\" content=\"A toalha\u00a0Black Master\u00a0\u00e9 a toalha de secagem de autom\u00f3veis da mais alta qualidade, muito absorvente gra\u00e7as \u00e0s suas fibras finas. Muito suave para as pinturas mais delicadas. Caracter\u00edsticas: Seguro para todas as pinturas Sem costuras Tamanho: 50x80cm Peso: 1400gr \/ m2\" \/>\n<meta property=\"og:url\" content=\"https:\/\/marcoquadros.pt\/index.php\/produto\/rrc-black-master-toalha-de-secagem\/\" \/>\n<meta property=\"og:site_name\" content=\"Marco Quadros\" \/>\n<meta property=\"og:image\" content=\"https:\/\/marcoquadros.pt\/wp-content\/uploads\/2023\/03\/toalha-de-secagem.png\" \/>\n\t<meta property=\"og:image:width\" content=\"750\" \/>\n\t<meta property=\"og:image:height\" content=\"750\" \/>\n\t<meta property=\"og:image:type\" content=\"image\/png\" \/>\n<meta name=\"twitter:card\" content=\"summary_large_image\" \/>\n<meta name=\"twitter:label1\" content=\"Tempo estimado de leitura\" \/>\n\t<meta name=\"twitter:data1\" content=\"1 minuto\" \/>\n<script type=\"application\/ld+json\" class=\"yoast-schema-graph\">{\"@context\":\"https:\/\/schema.org\",\"@graph\":[{\"@type\":\"WebPage\",\"@id\":\"https:\/\/marcoquadros.pt\/index.php\/produto\/rrc-black-master-toalha-de-secagem\/\",\"url\":\"https:\/\/marcoquadros.pt\/index.php\/produto\/rrc-black-master-toalha-de-secagem\/\",\"name\":\"RRC Black Master (Toalha de Secagem) - Marco Quadros\",\"isPartOf\":{\"@id\":\"https:\/\/marcoquadros.pt\/#website\"},\"primaryImageOfPage\":{\"@id\":\"https:\/\/marcoquadros.pt\/index.php\/produto\/rrc-black-master-toalha-de-secagem\/#primaryimage\"},\"image\":{\"@id\":\"https:\/\/marcoquadros.pt\/index.php\/produto\/rrc-black-master-toalha-de-secagem\/#primaryimage\"},\"thumbnailUrl\":\"https:\/\/marcoquadros.pt\/wp-content\/uploads\/2023\/03\/toalha-de-secagem.png\",\"datePublished\":\"2023-03-10T17:47:51+00:00\",\"breadcrumb\":{\"@id\":\"https:\/\/marcoquadros.pt\/index.php\/produto\/rrc-black-master-toalha-de-secagem\/#breadcrumb\"},\"inLanguage\":\"pt-PT\",\"potentialAction\":[{\"@type\":\"ReadAction\",\"target\":[\"https:\/\/marcoquadros.pt\/index.php\/produto\/rrc-black-master-toalha-de-secagem\/\"]}]},{\"@type\":\"ImageObject\",\"inLanguage\":\"pt-PT\",\"@id\":\"https:\/\/marcoquadros.pt\/index.php\/produto\/rrc-black-master-toalha-de-secagem\/#primaryimage\",\"url\":\"https:\/\/marcoquadros.pt\/wp-content\/uploads\/2023\/03\/toalha-de-secagem.png\",\"contentUrl\":\"https:\/\/marcoquadros.pt\/wp-content\/uploads\/2023\/03\/toalha-de-secagem.png\",\"width\":750,\"height\":750},{\"@type\":\"BreadcrumbList\",\"@id\":\"https:\/\/marcoquadros.pt\/index.php\/produto\/rrc-black-master-toalha-de-secagem\/#breadcrumb\",\"itemListElement\":[{\"@type\":\"ListItem\",\"position\":1,\"name\":\"In\u00edcio\",\"item\":\"https:\/\/marcoquadros.pt\/\"},{\"@type\":\"ListItem\",\"position\":2,\"name\":\"Loja\",\"item\":\"https:\/\/marcoquadros.pt\/index.php\/loja\/\"},{\"@type\":\"ListItem\",\"position\":3,\"name\":\"RRC Black Master (Toalha de Secagem)\"}]},{\"@type\":\"WebSite\",\"@id\":\"https:\/\/marcoquadros.pt\/#website\",\"url\":\"https:\/\/marcoquadros.pt\/\",\"name\":\"Marco Quadros\",\"description\":\"Just another WordPress site\",\"publisher\":{\"@id\":\"https:\/\/marcoquadros.pt\/#organization\"},\"potentialAction\":[{\"@type\":\"SearchAction\",\"target\":{\"@type\":\"EntryPoint\",\"urlTemplate\":\"https:\/\/marcoquadros.pt\/?s={search_term_string}\"},\"query-input\":{\"@type\":\"PropertyValueSpecification\",\"valueRequired\":true,\"valueName\":\"search_term_string\"}}],\"inLanguage\":\"pt-PT\"},{\"@type\":\"Organization\",\"@id\":\"https:\/\/marcoquadros.pt\/#organization\",\"name\":\"Marco Quadros\",\"url\":\"https:\/\/marcoquadros.pt\/\",\"logo\":{\"@type\":\"ImageObject\",\"inLanguage\":\"pt-PT\",\"@id\":\"https:\/\/marcoquadros.pt\/#\/schema\/logo\/image\/\",\"url\":\"https:\/\/marcoquadros.pt\/wp-content\/uploads\/2022\/06\/Logo-1.png\",\"contentUrl\":\"https:\/\/marcoquadros.pt\/wp-content\/uploads\/2022\/06\/Logo-1.png\",\"width\":600,\"height\":295,\"caption\":\"Marco Quadros\"},\"image\":{\"@id\":\"https:\/\/marcoquadros.pt\/#\/schema\/logo\/image\/\"}}]}<\/script>\n<!-- \/ Yoast SEO plugin. -->","yoast_head_json":{"title":"RRC Black Master (Toalha de Secagem) - Marco Quadros","robots":{"index":"index","follow":"follow","max-snippet":"max-snippet:-1","max-image-preview":"max-image-preview:large","max-video-preview":"max-video-preview:-1"},"canonical":"https:\/\/marcoquadros.pt\/index.php\/produto\/rrc-black-master-toalha-de-secagem\/","og_locale":"pt_PT","og_type":"article","og_title":"RRC Black Master (Toalha de Secagem) - Marco Quadros","og_description":"A toalha\u00a0Black Master\u00a0\u00e9 a toalha de secagem de autom\u00f3veis da mais alta qualidade, muito absorvente gra\u00e7as \u00e0s suas fibras finas. Muito suave para as pinturas mais delicadas. Caracter\u00edsticas: Seguro para todas as pinturas Sem costuras Tamanho: 50x80cm Peso: 1400gr \/ m2","og_url":"https:\/\/marcoquadros.pt\/index.php\/produto\/rrc-black-master-toalha-de-secagem\/","og_site_name":"Marco Quadros","og_image":[{"width":750,"height":750,"url":"https:\/\/marcoquadros.pt\/wp-content\/uploads\/2023\/03\/toalha-de-secagem.png","type":"image\/png"}],"twitter_card":"summary_large_image","twitter_misc":{"Tempo estimado de leitura":"1 minuto"},"schema":{"@context":"https:\/\/schema.org","@graph":[{"@type":"WebPage","@id":"https:\/\/marcoquadros.pt\/index.php\/produto\/rrc-black-master-toalha-de-secagem\/","url":"https:\/\/marcoquadros.pt\/index.php\/produto\/rrc-black-master-toalha-de-secagem\/","name":"RRC Black Master (Toalha de Secagem) - Marco Quadros","isPartOf":{"@id":"https:\/\/marcoquadros.pt\/#website"},"primaryImageOfPage":{"@id":"https:\/\/marcoquadros.pt\/index.php\/produto\/rrc-black-master-toalha-de-secagem\/#primaryimage"},"image":{"@id":"https:\/\/marcoquadros.pt\/index.php\/produto\/rrc-black-master-toalha-de-secagem\/#primaryimage"},"thumbnailUrl":"https:\/\/marcoquadros.pt\/wp-content\/uploads\/2023\/03\/toalha-de-secagem.png","datePublished":"2023-03-10T17:47:51+00:00","breadcrumb":{"@id":"https:\/\/marcoquadros.pt\/index.php\/produto\/rrc-black-master-toalha-de-secagem\/#breadcrumb"},"inLanguage":"pt-PT","potentialAction":[{"@type":"ReadAction","target":["https:\/\/marcoquadros.pt\/index.php\/produto\/rrc-black-master-toalha-de-secagem\/"]}]},{"@type":"ImageObject","inLanguage":"pt-PT","@id":"https:\/\/marcoquadros.pt\/index.php\/produto\/rrc-black-master-toalha-de-secagem\/#primaryimage","url":"https:\/\/marcoquadros.pt\/wp-content\/uploads\/2023\/03\/toalha-de-secagem.png","contentUrl":"https:\/\/marcoquadros.pt\/wp-content\/uploads\/2023\/03\/toalha-de-secagem.png","width":750,"height":750},{"@type":"BreadcrumbList","@id":"https:\/\/marcoquadros.pt\/index.php\/produto\/rrc-black-master-toalha-de-secagem\/#breadcrumb","itemListElement":[{"@type":"ListItem","position":1,"name":"In\u00edcio","item":"https:\/\/marcoquadros.pt\/"},{"@type":"ListItem","position":2,"name":"Loja","item":"https:\/\/marcoquadros.pt\/index.php\/loja\/"},{"@type":"ListItem","position":3,"name":"RRC Black Master (Toalha de Secagem)"}]},{"@type":"WebSite","@id":"https:\/\/marcoquadros.pt\/#website","url":"https:\/\/marcoquadros.pt\/","name":"Marco Quadros","description":"Just another WordPress site","publisher":{"@id":"https:\/\/marcoquadros.pt\/#organization"},"potentialAction":[{"@type":"SearchAction","target":{"@type":"EntryPoint","urlTemplate":"https:\/\/marcoquadros.pt\/?s={search_term_string}"},"query-input":{"@type":"PropertyValueSpecification","valueRequired":true,"valueName":"search_term_string"}}],"inLanguage":"pt-PT"},{"@type":"Organization","@id":"https:\/\/marcoquadros.pt\/#organization","name":"Marco Quadros","url":"https:\/\/marcoquadros.pt\/","logo":{"@type":"ImageObject","inLanguage":"pt-PT","@id":"https:\/\/marcoquadros.pt\/#\/schema\/logo\/image\/","url":"https:\/\/marcoquadros.pt\/wp-content\/uploads\/2022\/06\/Logo-1.png","contentUrl":"https:\/\/marcoquadros.pt\/wp-content\/uploads\/2022\/06\/Logo-1.png","width":600,"height":295,"caption":"Marco Quadros"},"image":{"@id":"https:\/\/marcoquadros.pt\/#\/schema\/logo\/image\/"}}]}},"_links":{"self":[{"href":"https:\/\/marcoquadros.pt\/index.php\/wp-json\/wp\/v2\/product\/1564","targetHints":{"allow":["GET"]}}],"collection":[{"href":"https:\/\/marcoquadros.pt\/index.php\/wp-json\/wp\/v2\/product"}],"about":[{"href":"https:\/\/marcoquadros.pt\/index.php\/wp-json\/wp\/v2\/types\/product"}],"replies":[{"embeddable":true,"href":"https:\/\/marcoquadros.pt\/index.php\/wp-json\/wp\/v2\/comments?post=1564"}],"wp:featuredmedia":[{"embeddable":true,"href":"https:\/\/marcoquadros.pt\/index.php\/wp-json\/wp\/v2\/media\/1565"}],"wp:attachment":[{"href":"https:\/\/marcoquadros.pt\/index.php\/wp-json\/wp\/v2\/media?parent=1564"}],"wp:term":[{"taxonomy":"product_brand","embeddable":true,"href":"https:\/\/marcoquadros.pt\/index.php\/wp-json\/wp\/v2\/product_brand?post=1564"},{"taxonomy":"product_cat","embeddable":true,"href":"https:\/\/marcoquadros.pt\/index.php\/wp-json\/wp\/v2\/product_cat?post=1564"},{"taxonomy":"product_tag","embeddable":true,"href":"https:\/\/marcoquadros.pt\/index.php\/wp-json\/wp\/v2\/product_tag?post=1564"}],"curies":[{"name":"wp","href":"https:\/\/api.w.org\/{rel}","templated":true}]}}